{"id":2983,"date":"2023-01-03T20:04:43","date_gmt":"2023-01-03T20:04:43","guid":{"rendered":"https:\/\/emredardokuma.com\/products\/cotton-flat-cord-product\/"},"modified":"2023-01-09T07:54:30","modified_gmt":"2023-01-09T07:54:30","slug":"pamuk-yassi-kordon-urunu","status":"publish","type":"product","link":"https:\/\/emredardokuma.com\/tr\/urunler\/pamuk-yassi-kordon-urunu\/","title":{"rendered":"Pamuk Yass\u0131 Kordon \u00dcr\u00fcn\u00fc"},"content":{"rendered":"","protected":false},"excerpt":{"rendered":"","protected":false},"featured_media":2858,"template":"","meta":[],"etheme_brands":[],"product_brand":[],"product_cat":[138],"product_tag":[200],"class_list":{"0":"post-2983","1":"product","2":"type-product","3":"status-publish","4":"has-post-thumbnail","6":"product_cat-polyester-kordon","7":"product_tag-pamuk","9":"first","10":"instock","11":"shipping-taxable","12":"product-type-simple"},"yoast_head":"<!-- This site is optimized with the Yoast SEO plugin v27.4 - https:\/\/yoast.com\/product\/yoast-seo-wordpress\/ -->\n<title>Pamuk Yass\u0131 Kordon \u00dcr\u00fcn\u00fc | Emre Dar Dokuma<\/title>\n<meta name=\"description\" content=\"Pamuk Yass\u0131 Kordon \u00dcr\u00fcn\u00fc, Pamuk Yass\u0131 Kordon, Kordon Dar Dokuma, Dar Dokuma, Emre Dar Dokuma.\" \/>\n<meta name=\"robots\" content=\"index, follow, max-snippet:-1, max-image-preview:large, max-video-preview:-1\" \/>\n<link rel=\"canonical\" href=\"https:\/\/emredardokuma.com\/tr\/urunler\/pamuk-yassi-kordon-urunu\/\" \/>\n<meta property=\"og:locale\" content=\"tr_TR\" \/>\n<meta property=\"og:type\" content=\"article\" \/>\n<meta property=\"og:title\" content=\"Pamuk Yass\u0131 Kordon \u00dcr\u00fcn\u00fc | Emre Dar Dokuma\" \/>\n<meta property=\"og:description\" content=\"Pamuk Yass\u0131 Kordon \u00dcr\u00fcn\u00fc, Pamuk Yass\u0131 Kordon, Kordon Dar Dokuma, Dar Dokuma, Emre Dar Dokuma.\" \/>\n<meta property=\"og:url\" content=\"https:\/\/emredardokuma.com\/tr\/urunler\/pamuk-yassi-kordon-urunu\/\" \/>\n<meta property=\"og:site_name\" content=\"Emre Narrow Woven\" \/>\n<meta property=\"article:modified_time\" content=\"2023-01-09T07:54:30+00:00\" \/>\n<meta property=\"og:image\" content=\"https:\/\/emredardokuma.com\/wp-content\/uploads\/2023\/01\/Cotton-Flat-Cord-1.jpg\" \/>\n\t<meta property=\"og:image:width\" content=\"1000\" \/>\n\t<meta property=\"og:image:height\" content=\"1000\" \/>\n\t<meta property=\"og:image:type\" content=\"image\/jpeg\" \/>\n<meta name=\"twitter:card\" content=\"summary_large_image\" \/>\n<script type=\"application\/ld+json\" class=\"yoast-schema-graph\">{\"@context\":\"https:\\\/\\\/schema.org\",\"@graph\":[{\"@type\":\"WebPage\",\"@id\":\"https:\\\/\\\/emredardokuma.com\\\/tr\\\/urunler\\\/pamuk-yassi-kordon-urunu\\\/\",\"url\":\"https:\\\/\\\/emredardokuma.com\\\/tr\\\/urunler\\\/pamuk-yassi-kordon-urunu\\\/\",\"name\":\"Pamuk Yass\u0131 Kordon \u00dcr\u00fcn\u00fc | Emre Dar Dokuma\",\"isPartOf\":{\"@id\":\"https:\\\/\\\/emredardokuma.com\\\/#website\"},\"primaryImageOfPage\":{\"@id\":\"https:\\\/\\\/emredardokuma.com\\\/tr\\\/urunler\\\/pamuk-yassi-kordon-urunu\\\/#primaryimage\"},\"image\":{\"@id\":\"https:\\\/\\\/emredardokuma.com\\\/tr\\\/urunler\\\/pamuk-yassi-kordon-urunu\\\/#primaryimage\"},\"thumbnailUrl\":\"https:\\\/\\\/emredardokuma.com\\\/wp-content\\\/uploads\\\/2023\\\/01\\\/Cotton-Flat-Cord-1.jpg\",\"datePublished\":\"2023-01-03T20:04:43+00:00\",\"dateModified\":\"2023-01-09T07:54:30+00:00\",\"description\":\"Pamuk Yass\u0131 Kordon \u00dcr\u00fcn\u00fc, Pamuk Yass\u0131 Kordon, Kordon Dar Dokuma, Dar Dokuma, Emre Dar Dokuma.\",\"breadcrumb\":{\"@id\":\"https:\\\/\\\/emredardokuma.com\\\/tr\\\/urunler\\\/pamuk-yassi-kordon-urunu\\\/#breadcrumb\"},\"inLanguage\":\"tr\",\"potentialAction\":[{\"@type\":\"ReadAction\",\"target\":[\"https:\\\/\\\/emredardokuma.com\\\/tr\\\/urunler\\\/pamuk-yassi-kordon-urunu\\\/\"]}]},{\"@type\":\"ImageObject\",\"inLanguage\":\"tr\",\"@id\":\"https:\\\/\\\/emredardokuma.com\\\/tr\\\/urunler\\\/pamuk-yassi-kordon-urunu\\\/#primaryimage\",\"url\":\"https:\\\/\\\/emredardokuma.com\\\/wp-content\\\/uploads\\\/2023\\\/01\\\/Cotton-Flat-Cord-1.jpg\",\"contentUrl\":\"https:\\\/\\\/emredardokuma.com\\\/wp-content\\\/uploads\\\/2023\\\/01\\\/Cotton-Flat-Cord-1.jpg\",\"width\":1000,\"height\":1000,\"caption\":\"Pamuk Yass\u0131 Kordon \u00dcr\u00fcn\u00fc\"},{\"@type\":\"BreadcrumbList\",\"@id\":\"https:\\\/\\\/emredardokuma.com\\\/tr\\\/urunler\\\/pamuk-yassi-kordon-urunu\\\/#breadcrumb\",\"itemListElement\":[{\"@type\":\"ListItem\",\"position\":1,\"name\":\"Home\",\"item\":\"https:\\\/\\\/emredardokuma.com\\\/\"},{\"@type\":\"ListItem\",\"position\":2,\"name\":\"Dar Dokuma \u00dcr\u00fcnlerimiz\",\"item\":\"https:\\\/\\\/emredardokuma.com\\\/tr\\\/dar-dokuma-urunlerimiz\\\/\"},{\"@type\":\"ListItem\",\"position\":3,\"name\":\"Kordon Dar Dokuma\",\"item\":\"https:\\\/\\\/emredardokuma.com\\\/tr\\\/urun-kategori\\\/kordon-dar-dokuma\\\/\"},{\"@type\":\"ListItem\",\"position\":4,\"name\":\"Pamuk Yass\u0131 Kordon\",\"item\":\"https:\\\/\\\/emredardokuma.com\\\/tr\\\/urun-kategori\\\/kordon-dar-dokuma\\\/pamuk-yassi-kordon\\\/\"},{\"@type\":\"ListItem\",\"position\":5,\"name\":\"Pamuk Yass\u0131 Kordon \u00dcr\u00fcn\u00fc\"}]},{\"@type\":\"WebSite\",\"@id\":\"https:\\\/\\\/emredardokuma.com\\\/#website\",\"url\":\"https:\\\/\\\/emredardokuma.com\\\/\",\"name\":\"Emre Narrow Woven\",\"description\":\"Narrow Woven Products\",\"publisher\":{\"@id\":\"https:\\\/\\\/emredardokuma.com\\\/#organization\"},\"potentialAction\":[{\"@type\":\"SearchAction\",\"target\":{\"@type\":\"EntryPoint\",\"urlTemplate\":\"https:\\\/\\\/emredardokuma.com\\\/?s={search_term_string}\"},\"query-input\":{\"@type\":\"PropertyValueSpecification\",\"valueRequired\":true,\"valueName\":\"search_term_string\"}}],\"inLanguage\":\"tr\"},{\"@type\":\"Organization\",\"@id\":\"https:\\\/\\\/emredardokuma.com\\\/#organization\",\"name\":\"Emre Narrow Woven\",\"url\":\"https:\\\/\\\/emredardokuma.com\\\/\",\"logo\":{\"@type\":\"ImageObject\",\"inLanguage\":\"tr\",\"@id\":\"https:\\\/\\\/emredardokuma.com\\\/#\\\/schema\\\/logo\\\/image\\\/\",\"url\":\"https:\\\/\\\/emredardokuma.com\\\/wp-content\\\/uploads\\\/2022\\\/09\\\/emre-dar-dokuma.png\",\"contentUrl\":\"https:\\\/\\\/emredardokuma.com\\\/wp-content\\\/uploads\\\/2022\\\/09\\\/emre-dar-dokuma.png\",\"width\":400,\"height\":98,\"caption\":\"Emre Narrow Woven\"},\"image\":{\"@id\":\"https:\\\/\\\/emredardokuma.com\\\/#\\\/schema\\\/logo\\\/image\\\/\"}}]}<\/script>\n<!-- \/ Yoast SEO plugin. -->","yoast_head_json":{"title":"Pamuk Yass\u0131 Kordon \u00dcr\u00fcn\u00fc | Emre Dar Dokuma","description":"Pamuk Yass\u0131 Kordon \u00dcr\u00fcn\u00fc, Pamuk Yass\u0131 Kordon, Kordon Dar Dokuma, Dar Dokuma, Emre Dar Dokuma.","robots":{"index":"index","follow":"follow","max-snippet":"max-snippet:-1","max-image-preview":"max-image-preview:large","max-video-preview":"max-video-preview:-1"},"canonical":"https:\/\/emredardokuma.com\/tr\/urunler\/pamuk-yassi-kordon-urunu\/","og_locale":"tr_TR","og_type":"article","og_title":"Pamuk Yass\u0131 Kordon \u00dcr\u00fcn\u00fc | Emre Dar Dokuma","og_description":"Pamuk Yass\u0131 Kordon \u00dcr\u00fcn\u00fc, Pamuk Yass\u0131 Kordon, Kordon Dar Dokuma, Dar Dokuma, Emre Dar Dokuma.","og_url":"https:\/\/emredardokuma.com\/tr\/urunler\/pamuk-yassi-kordon-urunu\/","og_site_name":"Emre Narrow Woven","article_modified_time":"2023-01-09T07:54:30+00:00","og_image":[{"width":1000,"height":1000,"url":"https:\/\/emredardokuma.com\/wp-content\/uploads\/2023\/01\/Cotton-Flat-Cord-1.jpg","type":"image\/jpeg"}],"twitter_card":"summary_large_image","schema":{"@context":"https:\/\/schema.org","@graph":[{"@type":"WebPage","@id":"https:\/\/emredardokuma.com\/tr\/urunler\/pamuk-yassi-kordon-urunu\/","url":"https:\/\/emredardokuma.com\/tr\/urunler\/pamuk-yassi-kordon-urunu\/","name":"Pamuk Yass\u0131 Kordon \u00dcr\u00fcn\u00fc | Emre Dar Dokuma","isPartOf":{"@id":"https:\/\/emredardokuma.com\/#website"},"primaryImageOfPage":{"@id":"https:\/\/emredardokuma.com\/tr\/urunler\/pamuk-yassi-kordon-urunu\/#primaryimage"},"image":{"@id":"https:\/\/emredardokuma.com\/tr\/urunler\/pamuk-yassi-kordon-urunu\/#primaryimage"},"thumbnailUrl":"https:\/\/emredardokuma.com\/wp-content\/uploads\/2023\/01\/Cotton-Flat-Cord-1.jpg","datePublished":"2023-01-03T20:04:43+00:00","dateModified":"2023-01-09T07:54:30+00:00","description":"Pamuk Yass\u0131 Kordon \u00dcr\u00fcn\u00fc, Pamuk Yass\u0131 Kordon, Kordon Dar Dokuma, Dar Dokuma, Emre Dar Dokuma.","breadcrumb":{"@id":"https:\/\/emredardokuma.com\/tr\/urunler\/pamuk-yassi-kordon-urunu\/#breadcrumb"},"inLanguage":"tr","potentialAction":[{"@type":"ReadAction","target":["https:\/\/emredardokuma.com\/tr\/urunler\/pamuk-yassi-kordon-urunu\/"]}]},{"@type":"ImageObject","inLanguage":"tr","@id":"https:\/\/emredardokuma.com\/tr\/urunler\/pamuk-yassi-kordon-urunu\/#primaryimage","url":"https:\/\/emredardokuma.com\/wp-content\/uploads\/2023\/01\/Cotton-Flat-Cord-1.jpg","contentUrl":"https:\/\/emredardokuma.com\/wp-content\/uploads\/2023\/01\/Cotton-Flat-Cord-1.jpg","width":1000,"height":1000,"caption":"Pamuk Yass\u0131 Kordon \u00dcr\u00fcn\u00fc"},{"@type":"BreadcrumbList","@id":"https:\/\/emredardokuma.com\/tr\/urunler\/pamuk-yassi-kordon-urunu\/#breadcrumb","itemListElement":[{"@type":"ListItem","position":1,"name":"Home","item":"https:\/\/emredardokuma.com\/"},{"@type":"ListItem","position":2,"name":"Dar Dokuma \u00dcr\u00fcnlerimiz","item":"https:\/\/emredardokuma.com\/tr\/dar-dokuma-urunlerimiz\/"},{"@type":"ListItem","position":3,"name":"Kordon Dar Dokuma","item":"https:\/\/emredardokuma.com\/tr\/urun-kategori\/kordon-dar-dokuma\/"},{"@type":"ListItem","position":4,"name":"Pamuk Yass\u0131 Kordon","item":"https:\/\/emredardokuma.com\/tr\/urun-kategori\/kordon-dar-dokuma\/pamuk-yassi-kordon\/"},{"@type":"ListItem","position":5,"name":"Pamuk Yass\u0131 Kordon \u00dcr\u00fcn\u00fc"}]},{"@type":"WebSite","@id":"https:\/\/emredardokuma.com\/#website","url":"https:\/\/emredardokuma.com\/","name":"Emre Narrow Woven","description":"Narrow Woven Products","publisher":{"@id":"https:\/\/emredardokuma.com\/#organization"},"potentialAction":[{"@type":"SearchAction","target":{"@type":"EntryPoint","urlTemplate":"https:\/\/emredardokuma.com\/?s={search_term_string}"},"query-input":{"@type":"PropertyValueSpecification","valueRequired":true,"valueName":"search_term_string"}}],"inLanguage":"tr"},{"@type":"Organization","@id":"https:\/\/emredardokuma.com\/#organization","name":"Emre Narrow Woven","url":"https:\/\/emredardokuma.com\/","logo":{"@type":"ImageObject","inLanguage":"tr","@id":"https:\/\/emredardokuma.com\/#\/schema\/logo\/image\/","url":"https:\/\/emredardokuma.com\/wp-content\/uploads\/2022\/09\/emre-dar-dokuma.png","contentUrl":"https:\/\/emredardokuma.com\/wp-content\/uploads\/2022\/09\/emre-dar-dokuma.png","width":400,"height":98,"caption":"Emre Narrow Woven"},"image":{"@id":"https:\/\/emredardokuma.com\/#\/schema\/logo\/image\/"}}]}},"_links":{"self":[{"href":"https:\/\/emredardokuma.com\/tr\/wp-json\/wp\/v2\/product\/2983","targetHints":{"allow":["GET"]}}],"collection":[{"href":"https:\/\/emredardokuma.com\/tr\/wp-json\/wp\/v2\/product"}],"about":[{"href":"https:\/\/emredardokuma.com\/tr\/wp-json\/wp\/v2\/types\/product"}],"version-history":[{"count":2,"href":"https:\/\/emredardokuma.com\/tr\/wp-json\/wp\/v2\/product\/2983\/revisions"}],"predecessor-version":[{"id":2986,"href":"https:\/\/emredardokuma.com\/tr\/wp-json\/wp\/v2\/product\/2983\/revisions\/2986"}],"wp:featuredmedia":[{"embeddable":true,"href":"https:\/\/emredardokuma.com\/tr\/wp-json\/wp\/v2\/media\/2858"}],"wp:attachment":[{"href":"https:\/\/emredardokuma.com\/tr\/wp-json\/wp\/v2\/media?parent=2983"}],"wp:term":[{"taxonomy":"brand","embeddable":true,"href":"https:\/\/emredardokuma.com\/tr\/wp-json\/wp\/v2\/etheme_brands?post=2983"},{"taxonomy":"product_brand","embeddable":true,"href":"https:\/\/emredardokuma.com\/tr\/wp-json\/wp\/v2\/product_brand?post=2983"},{"taxonomy":"product_cat","embeddable":true,"href":"https:\/\/emredardokuma.com\/tr\/wp-json\/wp\/v2\/product_cat?post=2983"},{"taxonomy":"product_tag","embeddable":true,"href":"https:\/\/emredardokuma.com\/tr\/wp-json\/wp\/v2\/product_tag?post=2983"}],"curies":[{"name":"wp","href":"https:\/\/api.w.org\/{rel}","templated":true}]}}