{"id":2894,"date":"2023-01-03T19:37:38","date_gmt":"2023-01-03T19:37:38","guid":{"rendered":"https:\/\/emredardokuma.com\/products\/needle-type-knitting-cord-product\/"},"modified":"2023-01-08T20:36:02","modified_gmt":"2023-01-08T20:36:02","slug":"igneli-orgu-kordon-urunu","status":"publish","type":"product","link":"https:\/\/emredardokuma.com\/tr\/urunler\/igneli-orgu-kordon-urunu\/","title":{"rendered":"\u0130\u011fneli \u00d6rg\u00fc Kordon \u00dcr\u00fcn\u00fc"},"content":{"rendered":"","protected":false},"excerpt":{"rendered":"","protected":false},"featured_media":2823,"template":"","meta":[],"etheme_brands":[],"product_brand":[],"product_cat":[137],"product_tag":[205],"class_list":{"0":"post-2894","1":"product","2":"type-product","3":"status-publish","4":"has-post-thumbnail","6":"product_cat-igneli-kordon","7":"product_tag-orgu","9":"first","10":"instock","11":"shipping-taxable","12":"product-type-simple"},"yoast_head":"<!-- This site is optimized with the Yoast SEO plugin v27.5 - https:\/\/yoast.com\/product\/yoast-seo-wordpress\/ -->\n<title>\u0130\u011fneli \u00d6rg\u00fc Kordon \u00dcr\u00fcn\u00fc | Emre Dar Dokuma<\/title>\n<meta name=\"description\" content=\"\u0130\u011fneli \u00d6rg\u00fc Kordon \u00dcr\u00fcn\u00fc, \u0130\u011fneli \u00d6rg\u00fc Kordon, Kordon Dar Dokuma, Dar Dokuma, Emre Dar Dokuma.\" \/>\n<meta name=\"robots\" content=\"index, follow, max-snippet:-1, max-image-preview:large, max-video-preview:-1\" \/>\n<link rel=\"canonical\" href=\"https:\/\/emredardokuma.com\/tr\/urunler\/igneli-orgu-kordon-urunu\/\" \/>\n<meta property=\"og:locale\" content=\"tr_TR\" \/>\n<meta property=\"og:type\" content=\"article\" \/>\n<meta property=\"og:title\" content=\"\u0130\u011fneli \u00d6rg\u00fc Kordon \u00dcr\u00fcn\u00fc | Emre Dar Dokuma\" \/>\n<meta property=\"og:description\" content=\"\u0130\u011fneli \u00d6rg\u00fc Kordon \u00dcr\u00fcn\u00fc, \u0130\u011fneli \u00d6rg\u00fc Kordon, Kordon Dar Dokuma, Dar Dokuma, Emre Dar Dokuma.\" \/>\n<meta property=\"og:url\" content=\"https:\/\/emredardokuma.com\/tr\/urunler\/igneli-orgu-kordon-urunu\/\" \/>\n<meta property=\"og:site_name\" content=\"Emre Narrow Woven\" \/>\n<meta property=\"article:modified_time\" content=\"2023-01-08T20:36:02+00:00\" \/>\n<meta property=\"og:image\" content=\"https:\/\/emredardokuma.com\/wp-content\/uploads\/2023\/01\/Needle-Type-Knitting-Cord-2.jpg\" \/>\n\t<meta property=\"og:image:width\" content=\"1000\" \/>\n\t<meta property=\"og:image:height\" content=\"1000\" \/>\n\t<meta property=\"og:image:type\" content=\"image\/jpeg\" \/>\n<meta name=\"twitter:card\" content=\"summary_large_image\" \/>\n<script type=\"application\/ld+json\" class=\"yoast-schema-graph\">{\"@context\":\"https:\\\/\\\/schema.org\",\"@graph\":[{\"@type\":\"WebPage\",\"@id\":\"https:\\\/\\\/emredardokuma.com\\\/tr\\\/urunler\\\/igneli-orgu-kordon-urunu\\\/\",\"url\":\"https:\\\/\\\/emredardokuma.com\\\/tr\\\/urunler\\\/igneli-orgu-kordon-urunu\\\/\",\"name\":\"\u0130\u011fneli \u00d6rg\u00fc Kordon \u00dcr\u00fcn\u00fc | Emre Dar Dokuma\",\"isPartOf\":{\"@id\":\"https:\\\/\\\/emredardokuma.com\\\/#website\"},\"primaryImageOfPage\":{\"@id\":\"https:\\\/\\\/emredardokuma.com\\\/tr\\\/urunler\\\/igneli-orgu-kordon-urunu\\\/#primaryimage\"},\"image\":{\"@id\":\"https:\\\/\\\/emredardokuma.com\\\/tr\\\/urunler\\\/igneli-orgu-kordon-urunu\\\/#primaryimage\"},\"thumbnailUrl\":\"https:\\\/\\\/emredardokuma.com\\\/wp-content\\\/uploads\\\/2023\\\/01\\\/Needle-Type-Knitting-Cord-2.jpg\",\"datePublished\":\"2023-01-03T19:37:38+00:00\",\"dateModified\":\"2023-01-08T20:36:02+00:00\",\"description\":\"\u0130\u011fneli \u00d6rg\u00fc Kordon \u00dcr\u00fcn\u00fc, \u0130\u011fneli \u00d6rg\u00fc Kordon, Kordon Dar Dokuma, Dar Dokuma, Emre Dar Dokuma.\",\"breadcrumb\":{\"@id\":\"https:\\\/\\\/emredardokuma.com\\\/tr\\\/urunler\\\/igneli-orgu-kordon-urunu\\\/#breadcrumb\"},\"inLanguage\":\"tr\",\"potentialAction\":[{\"@type\":\"ReadAction\",\"target\":[\"https:\\\/\\\/emredardokuma.com\\\/tr\\\/urunler\\\/igneli-orgu-kordon-urunu\\\/\"]}]},{\"@type\":\"ImageObject\",\"inLanguage\":\"tr\",\"@id\":\"https:\\\/\\\/emredardokuma.com\\\/tr\\\/urunler\\\/igneli-orgu-kordon-urunu\\\/#primaryimage\",\"url\":\"https:\\\/\\\/emredardokuma.com\\\/wp-content\\\/uploads\\\/2023\\\/01\\\/Needle-Type-Knitting-Cord-2.jpg\",\"contentUrl\":\"https:\\\/\\\/emredardokuma.com\\\/wp-content\\\/uploads\\\/2023\\\/01\\\/Needle-Type-Knitting-Cord-2.jpg\",\"width\":1000,\"height\":1000,\"caption\":\"\u0130\u011fneli \u00d6rg\u00fc Kordon\"},{\"@type\":\"BreadcrumbList\",\"@id\":\"https:\\\/\\\/emredardokuma.com\\\/tr\\\/urunler\\\/igneli-orgu-kordon-urunu\\\/#breadcrumb\",\"itemListElement\":[{\"@type\":\"ListItem\",\"position\":1,\"name\":\"Home\",\"item\":\"https:\\\/\\\/emredardokuma.com\\\/\"},{\"@type\":\"ListItem\",\"position\":2,\"name\":\"Dar Dokuma \u00dcr\u00fcnlerimiz\",\"item\":\"https:\\\/\\\/emredardokuma.com\\\/tr\\\/dar-dokuma-urunlerimiz\\\/\"},{\"@type\":\"ListItem\",\"position\":3,\"name\":\"Kordon Dar Dokuma\",\"item\":\"https:\\\/\\\/emredardokuma.com\\\/tr\\\/urun-kategori\\\/kordon-dar-dokuma\\\/\"},{\"@type\":\"ListItem\",\"position\":4,\"name\":\"Needle Type Knitting Cord\",\"item\":\"https:\\\/\\\/emredardokuma.com\\\/product-category\\\/cord-narrow-wovens\\\/needle-type-knitting-cord\\\/\"},{\"@type\":\"ListItem\",\"position\":5,\"name\":\"\u0130\u011fneli \u00d6rg\u00fc Kordon \u00dcr\u00fcn\u00fc\"}]},{\"@type\":\"WebSite\",\"@id\":\"https:\\\/\\\/emredardokuma.com\\\/#website\",\"url\":\"https:\\\/\\\/emredardokuma.com\\\/\",\"name\":\"Emre Narrow Woven\",\"description\":\"Narrow Woven Products\",\"publisher\":{\"@id\":\"https:\\\/\\\/emredardokuma.com\\\/#organization\"},\"potentialAction\":[{\"@type\":\"SearchAction\",\"target\":{\"@type\":\"EntryPoint\",\"urlTemplate\":\"https:\\\/\\\/emredardokuma.com\\\/?s={search_term_string}\"},\"query-input\":{\"@type\":\"PropertyValueSpecification\",\"valueRequired\":true,\"valueName\":\"search_term_string\"}}],\"inLanguage\":\"tr\"},{\"@type\":\"Organization\",\"@id\":\"https:\\\/\\\/emredardokuma.com\\\/#organization\",\"name\":\"Emre Narrow Woven\",\"url\":\"https:\\\/\\\/emredardokuma.com\\\/\",\"logo\":{\"@type\":\"ImageObject\",\"inLanguage\":\"tr\",\"@id\":\"https:\\\/\\\/emredardokuma.com\\\/#\\\/schema\\\/logo\\\/image\\\/\",\"url\":\"https:\\\/\\\/emredardokuma.com\\\/wp-content\\\/uploads\\\/2022\\\/09\\\/emre-dar-dokuma.png\",\"contentUrl\":\"https:\\\/\\\/emredardokuma.com\\\/wp-content\\\/uploads\\\/2022\\\/09\\\/emre-dar-dokuma.png\",\"width\":400,\"height\":98,\"caption\":\"Emre Narrow Woven\"},\"image\":{\"@id\":\"https:\\\/\\\/emredardokuma.com\\\/#\\\/schema\\\/logo\\\/image\\\/\"}}]}<\/script>\n<!-- \/ Yoast SEO plugin. -->","yoast_head_json":{"title":"\u0130\u011fneli \u00d6rg\u00fc Kordon \u00dcr\u00fcn\u00fc | Emre Dar Dokuma","description":"\u0130\u011fneli \u00d6rg\u00fc Kordon \u00dcr\u00fcn\u00fc, \u0130\u011fneli \u00d6rg\u00fc Kordon, Kordon Dar Dokuma, Dar Dokuma, Emre Dar Dokuma.","robots":{"index":"index","follow":"follow","max-snippet":"max-snippet:-1","max-image-preview":"max-image-preview:large","max-video-preview":"max-video-preview:-1"},"canonical":"https:\/\/emredardokuma.com\/tr\/urunler\/igneli-orgu-kordon-urunu\/","og_locale":"tr_TR","og_type":"article","og_title":"\u0130\u011fneli \u00d6rg\u00fc Kordon \u00dcr\u00fcn\u00fc | Emre Dar Dokuma","og_description":"\u0130\u011fneli \u00d6rg\u00fc Kordon \u00dcr\u00fcn\u00fc, \u0130\u011fneli \u00d6rg\u00fc Kordon, Kordon Dar Dokuma, Dar Dokuma, Emre Dar Dokuma.","og_url":"https:\/\/emredardokuma.com\/tr\/urunler\/igneli-orgu-kordon-urunu\/","og_site_name":"Emre Narrow Woven","article_modified_time":"2023-01-08T20:36:02+00:00","og_image":[{"width":1000,"height":1000,"url":"https:\/\/emredardokuma.com\/wp-content\/uploads\/2023\/01\/Needle-Type-Knitting-Cord-2.jpg","type":"image\/jpeg"}],"twitter_card":"summary_large_image","schema":{"@context":"https:\/\/schema.org","@graph":[{"@type":"WebPage","@id":"https:\/\/emredardokuma.com\/tr\/urunler\/igneli-orgu-kordon-urunu\/","url":"https:\/\/emredardokuma.com\/tr\/urunler\/igneli-orgu-kordon-urunu\/","name":"\u0130\u011fneli \u00d6rg\u00fc Kordon \u00dcr\u00fcn\u00fc | Emre Dar Dokuma","isPartOf":{"@id":"https:\/\/emredardokuma.com\/#website"},"primaryImageOfPage":{"@id":"https:\/\/emredardokuma.com\/tr\/urunler\/igneli-orgu-kordon-urunu\/#primaryimage"},"image":{"@id":"https:\/\/emredardokuma.com\/tr\/urunler\/igneli-orgu-kordon-urunu\/#primaryimage"},"thumbnailUrl":"https:\/\/emredardokuma.com\/wp-content\/uploads\/2023\/01\/Needle-Type-Knitting-Cord-2.jpg","datePublished":"2023-01-03T19:37:38+00:00","dateModified":"2023-01-08T20:36:02+00:00","description":"\u0130\u011fneli \u00d6rg\u00fc Kordon \u00dcr\u00fcn\u00fc, \u0130\u011fneli \u00d6rg\u00fc Kordon, Kordon Dar Dokuma, Dar Dokuma, Emre Dar Dokuma.","breadcrumb":{"@id":"https:\/\/emredardokuma.com\/tr\/urunler\/igneli-orgu-kordon-urunu\/#breadcrumb"},"inLanguage":"tr","potentialAction":[{"@type":"ReadAction","target":["https:\/\/emredardokuma.com\/tr\/urunler\/igneli-orgu-kordon-urunu\/"]}]},{"@type":"ImageObject","inLanguage":"tr","@id":"https:\/\/emredardokuma.com\/tr\/urunler\/igneli-orgu-kordon-urunu\/#primaryimage","url":"https:\/\/emredardokuma.com\/wp-content\/uploads\/2023\/01\/Needle-Type-Knitting-Cord-2.jpg","contentUrl":"https:\/\/emredardokuma.com\/wp-content\/uploads\/2023\/01\/Needle-Type-Knitting-Cord-2.jpg","width":1000,"height":1000,"caption":"\u0130\u011fneli \u00d6rg\u00fc Kordon"},{"@type":"BreadcrumbList","@id":"https:\/\/emredardokuma.com\/tr\/urunler\/igneli-orgu-kordon-urunu\/#breadcrumb","itemListElement":[{"@type":"ListItem","position":1,"name":"Home","item":"https:\/\/emredardokuma.com\/"},{"@type":"ListItem","position":2,"name":"Dar Dokuma \u00dcr\u00fcnlerimiz","item":"https:\/\/emredardokuma.com\/tr\/dar-dokuma-urunlerimiz\/"},{"@type":"ListItem","position":3,"name":"Kordon Dar Dokuma","item":"https:\/\/emredardokuma.com\/tr\/urun-kategori\/kordon-dar-dokuma\/"},{"@type":"ListItem","position":4,"name":"Needle Type Knitting Cord","item":"https:\/\/emredardokuma.com\/product-category\/cord-narrow-wovens\/needle-type-knitting-cord\/"},{"@type":"ListItem","position":5,"name":"\u0130\u011fneli \u00d6rg\u00fc Kordon \u00dcr\u00fcn\u00fc"}]},{"@type":"WebSite","@id":"https:\/\/emredardokuma.com\/#website","url":"https:\/\/emredardokuma.com\/","name":"Emre Narrow Woven","description":"Narrow Woven Products","publisher":{"@id":"https:\/\/emredardokuma.com\/#organization"},"potentialAction":[{"@type":"SearchAction","target":{"@type":"EntryPoint","urlTemplate":"https:\/\/emredardokuma.com\/?s={search_term_string}"},"query-input":{"@type":"PropertyValueSpecification","valueRequired":true,"valueName":"search_term_string"}}],"inLanguage":"tr"},{"@type":"Organization","@id":"https:\/\/emredardokuma.com\/#organization","name":"Emre Narrow Woven","url":"https:\/\/emredardokuma.com\/","logo":{"@type":"ImageObject","inLanguage":"tr","@id":"https:\/\/emredardokuma.com\/#\/schema\/logo\/image\/","url":"https:\/\/emredardokuma.com\/wp-content\/uploads\/2022\/09\/emre-dar-dokuma.png","contentUrl":"https:\/\/emredardokuma.com\/wp-content\/uploads\/2022\/09\/emre-dar-dokuma.png","width":400,"height":98,"caption":"Emre Narrow Woven"},"image":{"@id":"https:\/\/emredardokuma.com\/#\/schema\/logo\/image\/"}}]}},"_links":{"self":[{"href":"https:\/\/emredardokuma.com\/tr\/wp-json\/wp\/v2\/product\/2894","targetHints":{"allow":["GET"]}}],"collection":[{"href":"https:\/\/emredardokuma.com\/tr\/wp-json\/wp\/v2\/product"}],"about":[{"href":"https:\/\/emredardokuma.com\/tr\/wp-json\/wp\/v2\/types\/product"}],"version-history":[{"count":2,"href":"https:\/\/emredardokuma.com\/tr\/wp-json\/wp\/v2\/product\/2894\/revisions"}],"predecessor-version":[{"id":2941,"href":"https:\/\/emredardokuma.com\/tr\/wp-json\/wp\/v2\/product\/2894\/revisions\/2941"}],"wp:featuredmedia":[{"embeddable":true,"href":"https:\/\/emredardokuma.com\/tr\/wp-json\/wp\/v2\/media\/2823"}],"wp:attachment":[{"href":"https:\/\/emredardokuma.com\/tr\/wp-json\/wp\/v2\/media?parent=2894"}],"wp:term":[{"taxonomy":"brand","embeddable":true,"href":"https:\/\/emredardokuma.com\/tr\/wp-json\/wp\/v2\/etheme_brands?post=2894"},{"taxonomy":"product_brand","embeddable":true,"href":"https:\/\/emredardokuma.com\/tr\/wp-json\/wp\/v2\/product_brand?post=2894"},{"taxonomy":"product_cat","embeddable":true,"href":"https:\/\/emredardokuma.com\/tr\/wp-json\/wp\/v2\/product_cat?post=2894"},{"taxonomy":"product_tag","embeddable":true,"href":"https:\/\/emredardokuma.com\/tr\/wp-json\/wp\/v2\/product_tag?post=2894"}],"curies":[{"name":"wp","href":"https:\/\/api.w.org\/{rel}","templated":true}]}}