{"id":3331,"date":"2023-02-08T18:18:22","date_gmt":"2023-02-08T18:18:22","guid":{"rendered":"https:\/\/emredardokuma.com\/elektronik-ticari-ileti-izni\/"},"modified":"2023-09-16T17:55:36","modified_gmt":"2023-09-16T17:55:36","slug":"elektronik-ticari-ileti-izni","status":"publish","type":"page","link":"https:\/\/emredardokuma.com\/tr\/elektronik-ticari-ileti-izni\/","title":{"rendered":"Elektronik Ticari \u0130leti \u0130zni"},"content":{"rendered":"\t\t<div data-elementor-type=\"wp-page\" data-elementor-id=\"3331\" class=\"elementor elementor-3331 elementor-3325\">\n\t\t\t\t\t\t<section class=\"elementor-section elementor-top-section elementor-element elementor-element-85c8612 elementor-section-boxed elementor-section-height-default elementor-section-height-default\" data-id=\"85c8612\" data-element_type=\"section\" data-e-type=\"section\">\n\t\t\t\t\t\t<div class=\"elementor-container elementor-column-gap-default\">\n\t\t\t\t\t<div class=\"elementor-column elementor-col-100 elementor-top-column elementor-element elementor-element-a0f1a0a\" data-id=\"a0f1a0a\" data-element_type=\"column\" data-e-type=\"column\">\n\t\t\t<div class=\"elementor-widget-wrap elementor-element-populated\">\n\t\t\t\t\t\t<div class=\"elementor-element elementor-element-7eef377 elementor-widget elementor-widget-text-editor\" data-id=\"7eef377\" data-element_type=\"widget\" data-e-type=\"widget\" data-widget_type=\"text-editor.default\">\n\t\t\t\t<div class=\"elementor-widget-container\">\n\t\t\t\t\t\t\t\t\t<h1><span class=\"title\">Elektronik Ticari \u0130leti \u0130zni<\/span><\/h1>\n<p style=\"text-align: left;\">Emre Dar Dokuma Tekstil Sanayi ve Ticaret Limited \u015eirketi (\u201cEDD\u201d) ile payla\u015ft\u0131\u011f\u0131m ileti\u015fim bilgileri (e-posta ve telefon) kullan\u0131lmak sureti ile EDD\u2019nin d\u00fczenledi\u011fi kampanyalar, hizmetler, yenilikler, indirimler, tan\u0131t\u0131mlar, sat\u0131\u015f faaliyetleri, etkinlikler, destekledi\u011fi veya ileti\u015fimini ger\u00e7ekle\u015ftirdi\u011fi t\u00fcm faaliyetler konusunda tan\u0131t\u0131m ve bilgilendirmeler ve sair suretlerle anketler, kampanyalar yapabilmek amac\u0131yla taraf\u0131ma ticari elektronik ileti, SMS, telefon aramalar\u0131, g\u00f6r\u00fcnt\u00fcl\u00fc aramalar gibi ileti\u015fim ara\u00e7lar\u0131yla suretiyle ileti\u015fime ge\u00e7mesine izin veriyorum. EDD\u2019ye verdi\u011fim bu izin ret bildiriminde bulunmad\u0131\u011f\u0131m s\u00fcrece ge\u00e7erlili\u011fini s\u00fcrd\u00fcrecektir.<\/p>\n\t\t\t\t\t\t\t\t<\/div>\n\t\t\t\t<\/div>\n\t\t\t\t\t<\/div>\n\t\t<\/div>\n\t\t\t\t\t<\/div>\n\t\t<\/section>\n\t\t\t\t<\/div>\n\t\t","protected":false},"excerpt":{"rendered":"<p>Elektronik Ticari \u0130leti \u0130zni Emre Dar Dokuma Tekstil Sanayi ve Ticaret Limited \u015eirketi (\u201cEDD\u201d) ile payla\u015ft\u0131\u011f\u0131m ileti\u015fim bilgileri (e-posta ve telefon) kullan\u0131lmak sureti ile EDD\u2019nin&#8230;<\/p>\n","protected":false},"author":3,"featured_media":0,"parent":0,"menu_order":0,"comment_status":"closed","ping_status":"closed","template":"","meta":{"footnotes":""},"class_list":["post-3331","page","type-page","status-publish","hentry"],"yoast_head":"<!-- This site is optimized with the Yoast SEO plugin v27.4 - https:\/\/yoast.com\/product\/yoast-seo-wordpress\/ -->\n<title>Elektronik Ticari \u0130leti \u0130zni | Emre Dar Dokuma<\/title>\n<meta name=\"description\" content=\"Elektronik Ticari \u0130leti \u0130zni, Emre Dar Dokuma\" \/>\n<meta name=\"robots\" content=\"index, follow, max-snippet:-1, max-image-preview:large, max-video-preview:-1\" \/>\n<link rel=\"canonical\" href=\"https:\/\/emredardokuma.com\/tr\/elektronik-ticari-ileti-izni\/\" \/>\n<meta property=\"og:locale\" content=\"tr_TR\" \/>\n<meta property=\"og:type\" content=\"article\" \/>\n<meta property=\"og:title\" content=\"Elektronik Ticari \u0130leti \u0130zni | Emre Dar Dokuma\" \/>\n<meta property=\"og:description\" content=\"Elektronik Ticari \u0130leti \u0130zni, Emre Dar Dokuma\" \/>\n<meta property=\"og:url\" content=\"https:\/\/emredardokuma.com\/tr\/elektronik-ticari-ileti-izni\/\" \/>\n<meta property=\"og:site_name\" content=\"Emre Narrow Woven\" \/>\n<meta property=\"article:modified_time\" content=\"2023-09-16T17:55:36+00:00\" \/>\n<meta name=\"twitter:card\" content=\"summary_large_image\" \/>\n<meta name=\"twitter:label1\" content=\"Tahmini okuma s\u00fcresi\" \/>\n\t<meta name=\"twitter:data1\" content=\"1 dakika\" \/>\n<script type=\"application\/ld+json\" class=\"yoast-schema-graph\">{\"@context\":\"https:\\\/\\\/schema.org\",\"@graph\":[{\"@type\":\"WebPage\",\"@id\":\"https:\\\/\\\/emredardokuma.com\\\/tr\\\/elektronik-ticari-ileti-izni\\\/\",\"url\":\"https:\\\/\\\/emredardokuma.com\\\/tr\\\/elektronik-ticari-ileti-izni\\\/\",\"name\":\"Elektronik Ticari \u0130leti \u0130zni | Emre Dar Dokuma\",\"isPartOf\":{\"@id\":\"https:\\\/\\\/emredardokuma.com\\\/#website\"},\"datePublished\":\"2023-02-08T18:18:22+00:00\",\"dateModified\":\"2023-09-16T17:55:36+00:00\",\"description\":\"Elektronik Ticari \u0130leti \u0130zni, Emre Dar Dokuma\",\"breadcrumb\":{\"@id\":\"https:\\\/\\\/emredardokuma.com\\\/tr\\\/elektronik-ticari-ileti-izni\\\/#breadcrumb\"},\"inLanguage\":\"tr\",\"potentialAction\":[{\"@type\":\"ReadAction\",\"target\":[\"https:\\\/\\\/emredardokuma.com\\\/tr\\\/elektronik-ticari-ileti-izni\\\/\"]}]},{\"@type\":\"BreadcrumbList\",\"@id\":\"https:\\\/\\\/emredardokuma.com\\\/tr\\\/elektronik-ticari-ileti-izni\\\/#breadcrumb\",\"itemListElement\":[{\"@type\":\"ListItem\",\"position\":1,\"name\":\"Home\",\"item\":\"https:\\\/\\\/emredardokuma.com\\\/\"},{\"@type\":\"ListItem\",\"position\":2,\"name\":\"Elektronik Ticari \u0130leti \u0130zni\"}]},{\"@type\":\"WebSite\",\"@id\":\"https:\\\/\\\/emredardokuma.com\\\/#website\",\"url\":\"https:\\\/\\\/emredardokuma.com\\\/\",\"name\":\"Emre Narrow Woven\",\"description\":\"Narrow Woven Products\",\"publisher\":{\"@id\":\"https:\\\/\\\/emredardokuma.com\\\/#organization\"},\"potentialAction\":[{\"@type\":\"SearchAction\",\"target\":{\"@type\":\"EntryPoint\",\"urlTemplate\":\"https:\\\/\\\/emredardokuma.com\\\/?s={search_term_string}\"},\"query-input\":{\"@type\":\"PropertyValueSpecification\",\"valueRequired\":true,\"valueName\":\"search_term_string\"}}],\"inLanguage\":\"tr\"},{\"@type\":\"Organization\",\"@id\":\"https:\\\/\\\/emredardokuma.com\\\/#organization\",\"name\":\"Emre Narrow Woven\",\"url\":\"https:\\\/\\\/emredardokuma.com\\\/\",\"logo\":{\"@type\":\"ImageObject\",\"inLanguage\":\"tr\",\"@id\":\"https:\\\/\\\/emredardokuma.com\\\/#\\\/schema\\\/logo\\\/image\\\/\",\"url\":\"https:\\\/\\\/emredardokuma.com\\\/wp-content\\\/uploads\\\/2022\\\/09\\\/emre-dar-dokuma.png\",\"contentUrl\":\"https:\\\/\\\/emredardokuma.com\\\/wp-content\\\/uploads\\\/2022\\\/09\\\/emre-dar-dokuma.png\",\"width\":400,\"height\":98,\"caption\":\"Emre Narrow Woven\"},\"image\":{\"@id\":\"https:\\\/\\\/emredardokuma.com\\\/#\\\/schema\\\/logo\\\/image\\\/\"}}]}<\/script>\n<!-- \/ Yoast SEO plugin. -->","yoast_head_json":{"title":"Elektronik Ticari \u0130leti \u0130zni | Emre Dar Dokuma","description":"Elektronik Ticari \u0130leti \u0130zni, Emre Dar Dokuma","robots":{"index":"index","follow":"follow","max-snippet":"max-snippet:-1","max-image-preview":"max-image-preview:large","max-video-preview":"max-video-preview:-1"},"canonical":"https:\/\/emredardokuma.com\/tr\/elektronik-ticari-ileti-izni\/","og_locale":"tr_TR","og_type":"article","og_title":"Elektronik Ticari \u0130leti \u0130zni | Emre Dar Dokuma","og_description":"Elektronik Ticari \u0130leti \u0130zni, Emre Dar Dokuma","og_url":"https:\/\/emredardokuma.com\/tr\/elektronik-ticari-ileti-izni\/","og_site_name":"Emre Narrow Woven","article_modified_time":"2023-09-16T17:55:36+00:00","twitter_card":"summary_large_image","twitter_misc":{"Tahmini okuma s\u00fcresi":"1 dakika"},"schema":{"@context":"https:\/\/schema.org","@graph":[{"@type":"WebPage","@id":"https:\/\/emredardokuma.com\/tr\/elektronik-ticari-ileti-izni\/","url":"https:\/\/emredardokuma.com\/tr\/elektronik-ticari-ileti-izni\/","name":"Elektronik Ticari \u0130leti \u0130zni | Emre Dar Dokuma","isPartOf":{"@id":"https:\/\/emredardokuma.com\/#website"},"datePublished":"2023-02-08T18:18:22+00:00","dateModified":"2023-09-16T17:55:36+00:00","description":"Elektronik Ticari \u0130leti \u0130zni, Emre Dar Dokuma","breadcrumb":{"@id":"https:\/\/emredardokuma.com\/tr\/elektronik-ticari-ileti-izni\/#breadcrumb"},"inLanguage":"tr","potentialAction":[{"@type":"ReadAction","target":["https:\/\/emredardokuma.com\/tr\/elektronik-ticari-ileti-izni\/"]}]},{"@type":"BreadcrumbList","@id":"https:\/\/emredardokuma.com\/tr\/elektronik-ticari-ileti-izni\/#breadcrumb","itemListElement":[{"@type":"ListItem","position":1,"name":"Home","item":"https:\/\/emredardokuma.com\/"},{"@type":"ListItem","position":2,"name":"Elektronik Ticari \u0130leti \u0130zni"}]},{"@type":"WebSite","@id":"https:\/\/emredardokuma.com\/#website","url":"https:\/\/emredardokuma.com\/","name":"Emre Narrow Woven","description":"Narrow Woven Products","publisher":{"@id":"https:\/\/emredardokuma.com\/#organization"},"potentialAction":[{"@type":"SearchAction","target":{"@type":"EntryPoint","urlTemplate":"https:\/\/emredardokuma.com\/?s={search_term_string}"},"query-input":{"@type":"PropertyValueSpecification","valueRequired":true,"valueName":"search_term_string"}}],"inLanguage":"tr"},{"@type":"Organization","@id":"https:\/\/emredardokuma.com\/#organization","name":"Emre Narrow Woven","url":"https:\/\/emredardokuma.com\/","logo":{"@type":"ImageObject","inLanguage":"tr","@id":"https:\/\/emredardokuma.com\/#\/schema\/logo\/image\/","url":"https:\/\/emredardokuma.com\/wp-content\/uploads\/2022\/09\/emre-dar-dokuma.png","contentUrl":"https:\/\/emredardokuma.com\/wp-content\/uploads\/2022\/09\/emre-dar-dokuma.png","width":400,"height":98,"caption":"Emre Narrow Woven"},"image":{"@id":"https:\/\/emredardokuma.com\/#\/schema\/logo\/image\/"}}]}},"_links":{"self":[{"href":"https:\/\/emredardokuma.com\/tr\/wp-json\/wp\/v2\/pages\/3331","targetHints":{"allow":["GET"]}}],"collection":[{"href":"https:\/\/emredardokuma.com\/tr\/wp-json\/wp\/v2\/pages"}],"about":[{"href":"https:\/\/emredardokuma.com\/tr\/wp-json\/wp\/v2\/types\/page"}],"author":[{"embeddable":true,"href":"https:\/\/emredardokuma.com\/tr\/wp-json\/wp\/v2\/users\/3"}],"replies":[{"embeddable":true,"href":"https:\/\/emredardokuma.com\/tr\/wp-json\/wp\/v2\/comments?post=3331"}],"version-history":[{"count":7,"href":"https:\/\/emredardokuma.com\/tr\/wp-json\/wp\/v2\/pages\/3331\/revisions"}],"predecessor-version":[{"id":3757,"href":"https:\/\/emredardokuma.com\/tr\/wp-json\/wp\/v2\/pages\/3331\/revisions\/3757"}],"wp:attachment":[{"href":"https:\/\/emredardokuma.com\/tr\/wp-json\/wp\/v2\/media?parent=3331"}],"curies":[{"name":"wp","href":"https:\/\/api.w.org\/{rel}","templated":true}]}}