{"id":3014,"date":"2022-08-24T14:15:16","date_gmt":"2022-08-24T14:15:16","guid":{"rendered":"https:\/\/emredardokuma.com\/bize-ulasin\/"},"modified":"2023-10-12T19:08:33","modified_gmt":"2023-10-12T19:08:33","slug":"bize-ulasin","status":"publish","type":"page","link":"https:\/\/emredardokuma.com\/tr\/bize-ulasin\/","title":{"rendered":"Bize Ula\u015f\u0131n"},"content":{"rendered":"\t\t<div data-elementor-type=\"wp-page\" data-elementor-id=\"3014\" class=\"elementor elementor-3014 elementor-33\">\n\t\t\t\t\t\t<section class=\"elementor-section elementor-top-section elementor-element elementor-element-3b569dc elementor-section-stretched elementor-section-boxed elementor-section-height-default elementor-section-height-default\" data-id=\"3b569dc\" data-element_type=\"section\" data-e-type=\"section\" data-settings=\"{&quot;stretch_section&quot;:&quot;section-stretched&quot;,&quot;background_background&quot;:&quot;classic&quot;}\">\n\t\t\t\t\t\t<div class=\"elementor-container elementor-column-gap-custom\">\n\t\t\t\t\t<div class=\"elementor-column elementor-col-33 elementor-top-column elementor-element elementor-element-e37230e\" data-id=\"e37230e\" data-element_type=\"column\" data-e-type=\"column\">\n\t\t\t<div class=\"elementor-widget-wrap\">\n\t\t\t\t\t\t\t<\/div>\n\t\t<\/div>\n\t\t\t\t<div class=\"elementor-column elementor-col-33 elementor-top-column elementor-element elementor-element-26f6f5f\" data-id=\"26f6f5f\" data-element_type=\"column\" data-e-type=\"column\">\n\t\t\t<div class=\"elementor-widget-wrap elementor-element-populated\">\n\t\t\t\t\t\t<div class=\"elementor-element elementor-element-775b70e elementor-widget elementor-widget-heading\" data-id=\"775b70e\" data-element_type=\"widget\" data-e-type=\"widget\" data-widget_type=\"heading.default\">\n\t\t\t\t<div class=\"elementor-widget-container\">\n\t\t\t\t\t<h1 class=\"elementor-heading-title elementor-size-default\">\u0130leti\u015fim<\/h1>\t\t\t\t<\/div>\n\t\t\t\t<\/div>\n\t\t\t\t\t<\/div>\n\t\t<\/div>\n\t\t\t\t<div class=\"elementor-column elementor-col-33 elementor-top-column elementor-element elementor-element-0a326ed\" data-id=\"0a326ed\" data-element_type=\"column\" data-e-type=\"column\">\n\t\t\t<div class=\"elementor-widget-wrap\">\n\t\t\t\t\t\t\t<\/div>\n\t\t<\/div>\n\t\t\t\t\t<\/div>\n\t\t<\/section>\n\t\t\t\t<section class=\"elementor-section elementor-top-section elementor-element elementor-element-d9fb7a8 elementor-section-stretched elementor-section-boxed elementor-section-height-default elementor-section-height-default\" data-id=\"d9fb7a8\" data-element_type=\"section\" data-e-type=\"section\" data-settings=\"{&quot;stretch_section&quot;:&quot;section-stretched&quot;}\">\n\t\t\t\t\t\t<div class=\"elementor-container elementor-column-gap-custom\">\n\t\t\t\t\t<div class=\"elementor-column elementor-col-50 elementor-top-column elementor-element elementor-element-1f180bd\" data-id=\"1f180bd\" data-element_type=\"column\" data-e-type=\"column\">\n\t\t\t<div class=\"elementor-widget-wrap elementor-element-populated\">\n\t\t\t\t\t\t<div class=\"elementor-element elementor-element-35fd7a1 elementor-align-left elementor-widget elementor-widget-etheme_icon_box\" data-id=\"35fd7a1\" data-element_type=\"widget\" data-e-type=\"widget\" data-widget_type=\"etheme_icon_box.default\">\n\t\t\t\t<div class=\"elementor-widget-container\">\n\t\t\t\t\t\t\t\t<div class=\"etheme-icon-box etheme-icon-box-icon-position-left\">\n        \n                            \n                <div class=\"etheme-icon-box-icon etheme-icon-box-icon-type-image\">\n        \n                <img decoding=\"async\" width=\"28\" height=\"36\" src=\"https:\/\/emredardokuma.com\/wp-content\/uploads\/2022\/08\/Icon01.png\" class=\"attachment-full size-full wp-image-265\" alt=\"Icon01\" \/>        \n                <\/div>\n            \n                <div class=\"etheme-icon-box-content\">\n\t\t\n                                        \n                                            <h2 class=\"etheme-icon-box-title\">\n                            <span>Adres<\/span>\n                        <\/h2>\n                    \t\t\n                                            <p class=\"etheme-icon-box-description\">\n                            Ba\u011flar Mah. Osman Pa\u015fa Cd. No:13 D:Z1, 34209 Ba\u011fc\u0131lar\/\u0130stanbul                        <\/p>\n                    \n                            \n                <\/div>\n\t\t\t<\/div>\n\t\t\t\t\t\t<\/div>\n\t\t\t\t<\/div>\n\t\t\t\t\t<\/div>\n\t\t<\/div>\n\t\t\t\t<div class=\"elementor-column elementor-col-50 elementor-top-column elementor-element elementor-element-a2de923\" data-id=\"a2de923\" data-element_type=\"column\" data-e-type=\"column\">\n\t\t\t<div class=\"elementor-widget-wrap elementor-element-populated\">\n\t\t\t\t\t\t<div class=\"elementor-element elementor-element-bbe59cc elementor-align-left elementor-widget elementor-widget-etheme_icon_box\" data-id=\"bbe59cc\" data-element_type=\"widget\" data-e-type=\"widget\" data-widget_type=\"etheme_icon_box.default\">\n\t\t\t\t<div class=\"elementor-widget-container\">\n\t\t\t\t\t\t\t\t<div class=\"etheme-icon-box etheme-icon-box-icon-position-left\">\n        \n                            \n                <div class=\"etheme-icon-box-icon etheme-icon-box-icon-type-image\">\n        \n                <img decoding=\"async\" width=\"32\" height=\"32\" src=\"https:\/\/emredardokuma.com\/wp-content\/uploads\/2022\/08\/Icon02.png\" class=\"attachment-full size-full wp-image-266\" alt=\"Icon02\" \/>        \n                <\/div>\n            \n                <div class=\"etheme-icon-box-content\">\n\t\t\n                                        \n                                            <h2 class=\"etheme-icon-box-title\">\n                            <span>\u0130leti\u015fim<\/span>\n                        <\/h2>\n                    \t\t\n                                            <p class=\"etheme-icon-box-description\">\n                            Mobil: <span style=\"font-weight: 500; color: #303A24;\"><a title=\"+90 533 968 64 28\" href=\"tel:+905339686428\">+90 533 968 64 28<\/a><\/span><br>\nTelefon: <span style=\"font-weight: 500; color: #303A24;\"><a title=\"+90 212 556 99 40\" href=\"tel:+902125569940\">+90 212 556 99 40<\/a><\/span><br>\nE-Posta: <a title=\"info@emredardokuma.com\" href=\"mailto:info@emredardokuma.com\">info@emredardokuma.com<\/a>                        <\/p>\n                    \n                            \n                <\/div>\n\t\t\t<\/div>\n\t\t\t\t\t\t<\/div>\n\t\t\t\t<\/div>\n\t\t\t\t\t<\/div>\n\t\t<\/div>\n\t\t\t\t\t<\/div>\n\t\t<\/section>\n\t\t\t\t<section class=\"elementor-section elementor-top-section elementor-element elementor-element-79d67f9 elementor-section-height-min-height elementor-section-stretched elementor-section-full_width elementor-section-height-default elementor-section-items-middle\" data-id=\"79d67f9\" data-element_type=\"section\" data-e-type=\"section\" data-settings=\"{&quot;stretch_section&quot;:&quot;section-stretched&quot;,&quot;background_background&quot;:&quot;classic&quot;}\">\n\t\t\t\t\t\t<div class=\"elementor-container elementor-column-gap-no\">\n\t\t\t\t\t<div class=\"elementor-column elementor-col-100 elementor-top-column elementor-element elementor-element-3281e77\" data-id=\"3281e77\" data-element_type=\"column\" data-e-type=\"column\">\n\t\t\t<div class=\"elementor-widget-wrap elementor-element-populated\">\n\t\t\t\t\t\t<div class=\"elementor-element elementor-element-d7e9115 elementor-widget elementor-widget-google_maps\" data-id=\"d7e9115\" data-element_type=\"widget\" data-e-type=\"widget\" data-widget_type=\"google_maps.default\">\n\t\t\t\t<div class=\"elementor-widget-container\">\n\t\t\t\t\t\t\t<div class=\"elementor-custom-embed\">\n\t\t\t<iframe loading=\"lazy\"\n\t\t\t\t\tsrc=\"https:\/\/maps.google.com\/maps?q=emre%20dar%20dokuma&#038;t=m&#038;z=17&#038;output=embed&#038;iwloc=near\"\n\t\t\t\t\ttitle=\"emre dar dokuma\"\n\t\t\t\t\taria-label=\"emre dar dokuma\"\n\t\t\t><\/iframe>\n\t\t<\/div>\n\t\t\t\t\t\t<\/div>\n\t\t\t\t<\/div>\n\t\t\t\t\t<\/div>\n\t\t<\/div>\n\t\t\t\t\t<\/div>\n\t\t<\/section>\n\t\t\t\t<section class=\"elementor-section elementor-top-section elementor-element elementor-element-d3bb107 elementor-section-stretched elementor-section-boxed elementor-section-height-default elementor-section-height-default\" data-id=\"d3bb107\" data-element_type=\"section\" data-e-type=\"section\" data-settings=\"{&quot;stretch_section&quot;:&quot;section-stretched&quot;}\">\n\t\t\t\t\t\t<div class=\"elementor-container elementor-column-gap-no\">\n\t\t\t\t\t<div class=\"elementor-column elementor-col-33 elementor-top-column elementor-element elementor-element-ad9cb8c\" data-id=\"ad9cb8c\" data-element_type=\"column\" data-e-type=\"column\">\n\t\t\t<div class=\"elementor-widget-wrap\">\n\t\t\t\t\t\t\t<\/div>\n\t\t<\/div>\n\t\t\t\t<div class=\"elementor-column elementor-col-33 elementor-top-column elementor-element elementor-element-806e54d\" data-id=\"806e54d\" data-element_type=\"column\" data-e-type=\"column\" data-settings=\"{&quot;background_background&quot;:&quot;classic&quot;}\">\n\t\t\t<div class=\"elementor-widget-wrap elementor-element-populated\">\n\t\t\t\t\t\t<div class=\"elementor-element elementor-element-f29a413 elementor-widget elementor-widget-heading\" data-id=\"f29a413\" data-element_type=\"widget\" data-e-type=\"widget\" data-widget_type=\"heading.default\">\n\t\t\t\t<div class=\"elementor-widget-container\">\n\t\t\t\t\t<h3 class=\"elementor-heading-title elementor-size-default\">Mesaj G\u00f6nder<\/h3>\t\t\t\t<\/div>\n\t\t\t\t<\/div>\n\t\t\t\t<div class=\"elementor-element elementor-element-aac2ba3 etheme-contact-form-7-button-full-width elementor-widget elementor-widget-et-contact-form-7\" data-id=\"aac2ba3\" data-element_type=\"widget\" data-e-type=\"widget\" data-widget_type=\"et-contact-form-7.default\">\n\t\t\t\t<div class=\"elementor-widget-container\">\n\t\t\t\t\t                <div class=\"pp-contact-form etheme-contact-form-7 placeholder-show\">\n                                        \n<div class=\"wpcf7 no-js\" id=\"wpcf7-f3000-o1\" lang=\"tr-TR\" dir=\"ltr\" data-wpcf7-id=\"3000\">\n<div class=\"screen-reader-response\"><p role=\"status\" aria-live=\"polite\" aria-atomic=\"true\"><\/p> <ul><\/ul><\/div>\n<form action=\"\/tr\/wp-json\/wp\/v2\/pages\/3014#wpcf7-f3000-o1\" method=\"post\" class=\"wpcf7-form init\" aria-label=\"\u0130leti\u015fim Formu\" novalidate=\"novalidate\" data-status=\"init\">\n<fieldset class=\"hidden-fields-container\"><input type=\"hidden\" name=\"_wpcf7\" value=\"3000\" \/><input type=\"hidden\" name=\"_wpcf7_version\" value=\"6.1.5\" \/><input type=\"hidden\" name=\"_wpcf7_locale\" value=\"tr_TR\" \/><input type=\"hidden\" name=\"_wpcf7_unit_tag\" value=\"wpcf7-f3000-o1\" \/><input type=\"hidden\" name=\"_wpcf7_container_post\" value=\"0\" \/><input type=\"hidden\" name=\"_wpcf7_posted_data_hash\" value=\"\" \/>\n<\/fieldset>\n<div class=\"form-group\">\n\t<p><span class=\"wpcf7-form-control-wrap\" data-name=\"your-name\"><input size=\"40\" maxlength=\"400\" class=\"wpcf7-form-control wpcf7-text wpcf7-validates-as-required\" aria-required=\"true\" aria-invalid=\"false\" placeholder=\"Full name\" value=\"\" type=\"text\" name=\"your-name\" \/><\/span>\n\t<\/p>\n\t<p><span class=\"wpcf7-form-control-wrap\" data-name=\"your-email\"><input size=\"40\" maxlength=\"400\" class=\"wpcf7-form-control wpcf7-email wpcf7-validates-as-required wpcf7-text wpcf7-validates-as-email\" aria-required=\"true\" aria-invalid=\"false\" placeholder=\"Your email address\" value=\"\" type=\"email\" name=\"your-email\" \/><\/span>\n\t<\/p>\n<\/div>\n<div class=\"form-group\">\n\t<p><span class=\"wpcf7-form-control-wrap\" data-name=\"your-name\"><input size=\"40\" maxlength=\"400\" class=\"wpcf7-form-control wpcf7-text wpcf7-validates-as-required\" aria-required=\"true\" aria-invalid=\"false\" placeholder=\"Your subject\" value=\"\" type=\"text\" name=\"your-name\" \/><\/span>\n\t<\/p>\n\t<p><span class=\"wpcf7-form-control-wrap\" data-name=\"your-name\"><input size=\"40\" maxlength=\"400\" class=\"wpcf7-form-control wpcf7-text wpcf7-validates-as-required\" aria-required=\"true\" aria-invalid=\"false\" placeholder=\"Phone number\" value=\"\" type=\"text\" name=\"your-name\" \/><\/span>\n\t<\/p>\n<\/div>\n<p><span class=\"wpcf7-form-control-wrap\" data-name=\"your-message\"><textarea cols=\"4\" rows=\"5\" maxlength=\"2000\" class=\"wpcf7-form-control wpcf7-textarea\" aria-invalid=\"false\" placeholder=\"Your message\" name=\"your-message\"><\/textarea><\/span>\n<\/p>\n<p><span class=\"wpcf7-form-control-wrap\" data-name=\"checkbox-145\"><span class=\"wpcf7-form-control wpcf7-checkbox wpcf7-validates-as-required\"><span class=\"wpcf7-list-item first last\"><label><input type=\"checkbox\" name=\"checkbox-145[]\" value=\"I am bound by the terms of the Service I accept Privacy Policy.\" \/><span class=\"wpcf7-list-item-label\">I am bound by the terms of the Service I accept Privacy Policy.<\/span><\/label><\/span><\/span><\/span>\n<\/p>\n<p><input class=\"wpcf7-form-control wpcf7-submit has-spinner\" type=\"submit\" value=\"Send Message\" \/>\n<\/p><div class=\"wpcf7-response-output\" aria-hidden=\"true\"><\/div>\n<\/form>\n<\/div>\n                <\/div>\n                \t\t\t\t<\/div>\n\t\t\t\t<\/div>\n\t\t\t\t\t<\/div>\n\t\t<\/div>\n\t\t\t\t<div class=\"elementor-column elementor-col-33 elementor-top-column elementor-element elementor-element-9d4629e\" data-id=\"9d4629e\" data-element_type=\"column\" data-e-type=\"column\">\n\t\t\t<div class=\"elementor-widget-wrap\">\n\t\t\t\t\t\t\t<\/div>\n\t\t<\/div>\n\t\t\t\t\t<\/div>\n\t\t<\/section>\n\t\t\t\t<section class=\"elementor-section elementor-top-section elementor-element elementor-element-72d547c elementor-section-boxed elementor-section-height-default elementor-section-height-default\" data-id=\"72d547c\" data-element_type=\"section\" data-e-type=\"section\">\n\t\t\t\t\t\t<div class=\"elementor-container elementor-column-gap-default\">\n\t\t\t\t\t<div class=\"elementor-column elementor-col-100 elementor-top-column elementor-element elementor-element-296ee71\" data-id=\"296ee71\" data-element_type=\"column\" data-e-type=\"column\">\n\t\t\t<div class=\"elementor-widget-wrap\">\n\t\t\t\t\t\t\t<\/div>\n\t\t<\/div>\n\t\t\t\t\t<\/div>\n\t\t<\/section>\n\t\t\t\t<\/div>\n\t\t","protected":false},"excerpt":{"rendered":"<p>\u0130leti\u015fim Adres Ba\u011flar Mah. Osman Pa\u015fa Cd. No:13 D:Z1, 34209 Ba\u011fc\u0131lar\/\u0130stanbul \u0130leti\u015fim Mobil: +90 533 968 64 28 Telefon: +90 212 556 99 40 E-Posta:&#8230;<\/p>\n","protected":false},"author":2,"featured_media":0,"parent":0,"menu_order":0,"comment_status":"closed","ping_status":"closed","template":"elementor_header_footer","meta":{"footnotes":""},"class_list":["post-3014","page","type-page","status-publish","hentry"],"yoast_head":"<!-- This site is optimized with the Yoast SEO plugin v27.4 - https:\/\/yoast.com\/product\/yoast-seo-wordpress\/ -->\n<title>Bize Ula\u015f\u0131n | Emre Dar Dokuma<\/title>\n<meta name=\"description\" content=\"Kordon Dar Dokuma, Elastik Dar Dokuma, Bal\u0131ks\u0131rt\u0131 Dar Dokuma, Organik Dar Dokuma, Geri D\u00f6n\u00fc\u015f\u00fcml\u00fc Dar Dokuma i\u00e7in Bize Ula\u015f\u0131n.\" \/>\n<meta name=\"robots\" content=\"index, follow, max-snippet:-1, max-image-preview:large, max-video-preview:-1\" \/>\n<link rel=\"canonical\" href=\"https:\/\/emredardokuma.com\/tr\/bize-ulasin\/\" \/>\n<meta property=\"og:locale\" content=\"tr_TR\" \/>\n<meta property=\"og:type\" content=\"article\" \/>\n<meta property=\"og:title\" content=\"Bize Ula\u015f\u0131n | Emre Dar Dokuma\" \/>\n<meta property=\"og:description\" content=\"Kordon Dar Dokuma, Elastik Dar Dokuma, Bal\u0131ks\u0131rt\u0131 Dar Dokuma, Organik Dar Dokuma, Geri D\u00f6n\u00fc\u015f\u00fcml\u00fc Dar Dokuma i\u00e7in Bize Ula\u015f\u0131n.\" \/>\n<meta property=\"og:url\" content=\"https:\/\/emredardokuma.com\/tr\/bize-ulasin\/\" \/>\n<meta property=\"og:site_name\" content=\"Emre Narrow Woven\" \/>\n<meta property=\"article:modified_time\" content=\"2023-10-12T19:08:33+00:00\" \/>\n<meta property=\"og:image\" content=\"https:\/\/emredardokuma.com\/wp-content\/uploads\/2022\/08\/Icon01.png\" \/>\n<meta name=\"twitter:card\" content=\"summary_large_image\" \/>\n<meta name=\"twitter:label1\" content=\"Tahmini okuma s\u00fcresi\" \/>\n\t<meta name=\"twitter:data1\" content=\"1 dakika\" \/>\n<script type=\"application\/ld+json\" class=\"yoast-schema-graph\">{\"@context\":\"https:\\\/\\\/schema.org\",\"@graph\":[{\"@type\":\"WebPage\",\"@id\":\"https:\\\/\\\/emredardokuma.com\\\/tr\\\/bize-ulasin\\\/\",\"url\":\"https:\\\/\\\/emredardokuma.com\\\/tr\\\/bize-ulasin\\\/\",\"name\":\"Bize Ula\u015f\u0131n | Emre Dar Dokuma\",\"isPartOf\":{\"@id\":\"https:\\\/\\\/emredardokuma.com\\\/#website\"},\"primaryImageOfPage\":{\"@id\":\"https:\\\/\\\/emredardokuma.com\\\/tr\\\/bize-ulasin\\\/#primaryimage\"},\"image\":{\"@id\":\"https:\\\/\\\/emredardokuma.com\\\/tr\\\/bize-ulasin\\\/#primaryimage\"},\"thumbnailUrl\":\"https:\\\/\\\/emredardokuma.com\\\/wp-content\\\/uploads\\\/2022\\\/08\\\/Icon01.png\",\"datePublished\":\"2022-08-24T14:15:16+00:00\",\"dateModified\":\"2023-10-12T19:08:33+00:00\",\"description\":\"Kordon Dar Dokuma, Elastik Dar Dokuma, Bal\u0131ks\u0131rt\u0131 Dar Dokuma, Organik Dar Dokuma, Geri D\u00f6n\u00fc\u015f\u00fcml\u00fc Dar Dokuma i\u00e7in Bize Ula\u015f\u0131n.\",\"breadcrumb\":{\"@id\":\"https:\\\/\\\/emredardokuma.com\\\/tr\\\/bize-ulasin\\\/#breadcrumb\"},\"inLanguage\":\"tr\",\"potentialAction\":[{\"@type\":\"ReadAction\",\"target\":[\"https:\\\/\\\/emredardokuma.com\\\/tr\\\/bize-ulasin\\\/\"]}]},{\"@type\":\"ImageObject\",\"inLanguage\":\"tr\",\"@id\":\"https:\\\/\\\/emredardokuma.com\\\/tr\\\/bize-ulasin\\\/#primaryimage\",\"url\":\"https:\\\/\\\/emredardokuma.com\\\/wp-content\\\/uploads\\\/2022\\\/08\\\/Icon01.png\",\"contentUrl\":\"https:\\\/\\\/emredardokuma.com\\\/wp-content\\\/uploads\\\/2022\\\/08\\\/Icon01.png\"},{\"@type\":\"BreadcrumbList\",\"@id\":\"https:\\\/\\\/emredardokuma.com\\\/tr\\\/bize-ulasin\\\/#breadcrumb\",\"itemListElement\":[{\"@type\":\"ListItem\",\"position\":1,\"name\":\"Home\",\"item\":\"https:\\\/\\\/emredardokuma.com\\\/\"},{\"@type\":\"ListItem\",\"position\":2,\"name\":\"Bize Ula\u015f\u0131n\"}]},{\"@type\":\"WebSite\",\"@id\":\"https:\\\/\\\/emredardokuma.com\\\/#website\",\"url\":\"https:\\\/\\\/emredardokuma.com\\\/\",\"name\":\"Emre Narrow Woven\",\"description\":\"Narrow Woven Products\",\"publisher\":{\"@id\":\"https:\\\/\\\/emredardokuma.com\\\/#organization\"},\"potentialAction\":[{\"@type\":\"SearchAction\",\"target\":{\"@type\":\"EntryPoint\",\"urlTemplate\":\"https:\\\/\\\/emredardokuma.com\\\/?s={search_term_string}\"},\"query-input\":{\"@type\":\"PropertyValueSpecification\",\"valueRequired\":true,\"valueName\":\"search_term_string\"}}],\"inLanguage\":\"tr\"},{\"@type\":\"Organization\",\"@id\":\"https:\\\/\\\/emredardokuma.com\\\/#organization\",\"name\":\"Emre Narrow Woven\",\"url\":\"https:\\\/\\\/emredardokuma.com\\\/\",\"logo\":{\"@type\":\"ImageObject\",\"inLanguage\":\"tr\",\"@id\":\"https:\\\/\\\/emredardokuma.com\\\/#\\\/schema\\\/logo\\\/image\\\/\",\"url\":\"https:\\\/\\\/emredardokuma.com\\\/wp-content\\\/uploads\\\/2022\\\/09\\\/emre-dar-dokuma.png\",\"contentUrl\":\"https:\\\/\\\/emredardokuma.com\\\/wp-content\\\/uploads\\\/2022\\\/09\\\/emre-dar-dokuma.png\",\"width\":400,\"height\":98,\"caption\":\"Emre Narrow Woven\"},\"image\":{\"@id\":\"https:\\\/\\\/emredardokuma.com\\\/#\\\/schema\\\/logo\\\/image\\\/\"}}]}<\/script>\n<!-- \/ Yoast SEO plugin. -->","yoast_head_json":{"title":"Bize Ula\u015f\u0131n | Emre Dar Dokuma","description":"Kordon Dar Dokuma, Elastik Dar Dokuma, Bal\u0131ks\u0131rt\u0131 Dar Dokuma, Organik Dar Dokuma, Geri D\u00f6n\u00fc\u015f\u00fcml\u00fc Dar Dokuma i\u00e7in Bize Ula\u015f\u0131n.","robots":{"index":"index","follow":"follow","max-snippet":"max-snippet:-1","max-image-preview":"max-image-preview:large","max-video-preview":"max-video-preview:-1"},"canonical":"https:\/\/emredardokuma.com\/tr\/bize-ulasin\/","og_locale":"tr_TR","og_type":"article","og_title":"Bize Ula\u015f\u0131n | Emre Dar Dokuma","og_description":"Kordon Dar Dokuma, Elastik Dar Dokuma, Bal\u0131ks\u0131rt\u0131 Dar Dokuma, Organik Dar Dokuma, Geri D\u00f6n\u00fc\u015f\u00fcml\u00fc Dar Dokuma i\u00e7in Bize Ula\u015f\u0131n.","og_url":"https:\/\/emredardokuma.com\/tr\/bize-ulasin\/","og_site_name":"Emre Narrow Woven","article_modified_time":"2023-10-12T19:08:33+00:00","og_image":[{"url":"https:\/\/emredardokuma.com\/wp-content\/uploads\/2022\/08\/Icon01.png","type":"","width":"","height":""}],"twitter_card":"summary_large_image","twitter_misc":{"Tahmini okuma s\u00fcresi":"1 dakika"},"schema":{"@context":"https:\/\/schema.org","@graph":[{"@type":"WebPage","@id":"https:\/\/emredardokuma.com\/tr\/bize-ulasin\/","url":"https:\/\/emredardokuma.com\/tr\/bize-ulasin\/","name":"Bize Ula\u015f\u0131n | Emre Dar Dokuma","isPartOf":{"@id":"https:\/\/emredardokuma.com\/#website"},"primaryImageOfPage":{"@id":"https:\/\/emredardokuma.com\/tr\/bize-ulasin\/#primaryimage"},"image":{"@id":"https:\/\/emredardokuma.com\/tr\/bize-ulasin\/#primaryimage"},"thumbnailUrl":"https:\/\/emredardokuma.com\/wp-content\/uploads\/2022\/08\/Icon01.png","datePublished":"2022-08-24T14:15:16+00:00","dateModified":"2023-10-12T19:08:33+00:00","description":"Kordon Dar Dokuma, Elastik Dar Dokuma, Bal\u0131ks\u0131rt\u0131 Dar Dokuma, Organik Dar Dokuma, Geri D\u00f6n\u00fc\u015f\u00fcml\u00fc Dar Dokuma i\u00e7in Bize Ula\u015f\u0131n.","breadcrumb":{"@id":"https:\/\/emredardokuma.com\/tr\/bize-ulasin\/#breadcrumb"},"inLanguage":"tr","potentialAction":[{"@type":"ReadAction","target":["https:\/\/emredardokuma.com\/tr\/bize-ulasin\/"]}]},{"@type":"ImageObject","inLanguage":"tr","@id":"https:\/\/emredardokuma.com\/tr\/bize-ulasin\/#primaryimage","url":"https:\/\/emredardokuma.com\/wp-content\/uploads\/2022\/08\/Icon01.png","contentUrl":"https:\/\/emredardokuma.com\/wp-content\/uploads\/2022\/08\/Icon01.png"},{"@type":"BreadcrumbList","@id":"https:\/\/emredardokuma.com\/tr\/bize-ulasin\/#breadcrumb","itemListElement":[{"@type":"ListItem","position":1,"name":"Home","item":"https:\/\/emredardokuma.com\/"},{"@type":"ListItem","position":2,"name":"Bize Ula\u015f\u0131n"}]},{"@type":"WebSite","@id":"https:\/\/emredardokuma.com\/#website","url":"https:\/\/emredardokuma.com\/","name":"Emre Narrow Woven","description":"Narrow Woven Products","publisher":{"@id":"https:\/\/emredardokuma.com\/#organization"},"potentialAction":[{"@type":"SearchAction","target":{"@type":"EntryPoint","urlTemplate":"https:\/\/emredardokuma.com\/?s={search_term_string}"},"query-input":{"@type":"PropertyValueSpecification","valueRequired":true,"valueName":"search_term_string"}}],"inLanguage":"tr"},{"@type":"Organization","@id":"https:\/\/emredardokuma.com\/#organization","name":"Emre Narrow Woven","url":"https:\/\/emredardokuma.com\/","logo":{"@type":"ImageObject","inLanguage":"tr","@id":"https:\/\/emredardokuma.com\/#\/schema\/logo\/image\/","url":"https:\/\/emredardokuma.com\/wp-content\/uploads\/2022\/09\/emre-dar-dokuma.png","contentUrl":"https:\/\/emredardokuma.com\/wp-content\/uploads\/2022\/09\/emre-dar-dokuma.png","width":400,"height":98,"caption":"Emre Narrow Woven"},"image":{"@id":"https:\/\/emredardokuma.com\/#\/schema\/logo\/image\/"}}]}},"_links":{"self":[{"href":"https:\/\/emredardokuma.com\/tr\/wp-json\/wp\/v2\/pages\/3014","targetHints":{"allow":["GET"]}}],"collection":[{"href":"https:\/\/emredardokuma.com\/tr\/wp-json\/wp\/v2\/pages"}],"about":[{"href":"https:\/\/emredardokuma.com\/tr\/wp-json\/wp\/v2\/types\/page"}],"author":[{"embeddable":true,"href":"https:\/\/emredardokuma.com\/tr\/wp-json\/wp\/v2\/users\/2"}],"replies":[{"embeddable":true,"href":"https:\/\/emredardokuma.com\/tr\/wp-json\/wp\/v2\/comments?post=3014"}],"version-history":[{"count":12,"href":"https:\/\/emredardokuma.com\/tr\/wp-json\/wp\/v2\/pages\/3014\/revisions"}],"predecessor-version":[{"id":3773,"href":"https:\/\/emredardokuma.com\/tr\/wp-json\/wp\/v2\/pages\/3014\/revisions\/3773"}],"wp:attachment":[{"href":"https:\/\/emredardokuma.com\/tr\/wp-json\/wp\/v2\/media?parent=3014"}],"curies":[{"name":"wp","href":"https:\/\/api.w.org\/{rel}","templated":true}]}}